{"id":582,"date":"2023-01-23T13:32:19","date_gmt":"2023-01-23T12:32:19","guid":{"rendered":"https:\/\/aleobytrigano.com\/?page_id=582"},"modified":"2023-11-16T16:19:04","modified_gmt":"2023-11-16T15:19:04","slug":"mentions-legales","status":"publish","type":"page","link":"https:\/\/aleobytrigano.com\/index.php\/mentions-legales\/","title":{"rendered":"Mentions l\u00e9gales"},"content":{"rendered":"\t\t<div data-elementor-type=\"wp-page\" data-elementor-id=\"582\" class=\"elementor elementor-582\" data-elementor-post-type=\"page\">\n\t\t\t\t\t\t<section class=\"elementor-section elementor-top-section elementor-element elementor-element-3fde401 elementor-section-boxed elementor-section-height-default elementor-section-height-default\" data-id=\"3fde401\" data-element_type=\"section\" data-e-type=\"section\" data-settings=\"{&quot;background_background&quot;:&quot;classic&quot;}\">\n\t\t\t\t\t\t<div class=\"elementor-container elementor-column-gap-default\">\n\t\t\t\t\t<div class=\"elementor-column elementor-col-100 elementor-top-column elementor-element elementor-element-fa489e0\" data-id=\"fa489e0\" data-element_type=\"column\" data-e-type=\"column\">\n\t\t\t<div class=\"elementor-widget-wrap elementor-element-populated\">\n\t\t\t\t\t\t<div class=\"elementor-element elementor-element-9fc18fb elementor-widget elementor-widget-image\" data-id=\"9fc18fb\" data-element_type=\"widget\" data-e-type=\"widget\" data-widget_type=\"image.default\">\n\t\t\t\t<div class=\"elementor-widget-container\">\n\t\t\t\t\t\t\t\t\t\t\t\t\t\t\t\t<a href=\"https:\/\/aleobytrigano.com\/\">\n\t\t\t\t\t\t\t<img fetchpriority=\"high\" decoding=\"async\" width=\"300\" height=\"300\" src=\"https:\/\/aleobytrigano.com\/wp-content\/uploads\/2023\/04\/cropped-ALEO-by-trigano-quadri-CMJN-Carre-300x300.png\" class=\"attachment-medium size-medium wp-image-839\" alt=\"Logo Al\u00e9o by Trigano\" srcset=\"https:\/\/aleobytrigano.com\/wp-content\/uploads\/2023\/04\/cropped-ALEO-by-trigano-quadri-CMJN-Carre-300x300.png 300w, https:\/\/aleobytrigano.com\/wp-content\/uploads\/2023\/04\/cropped-ALEO-by-trigano-quadri-CMJN-Carre-150x150.png 150w, https:\/\/aleobytrigano.com\/wp-content\/uploads\/2023\/04\/cropped-ALEO-by-trigano-quadri-CMJN-Carre-270x270.png 270w, https:\/\/aleobytrigano.com\/wp-content\/uploads\/2023\/04\/cropped-ALEO-by-trigano-quadri-CMJN-Carre-192x192.png 192w, https:\/\/aleobytrigano.com\/wp-content\/uploads\/2023\/04\/cropped-ALEO-by-trigano-quadri-CMJN-Carre-180x180.png 180w, https:\/\/aleobytrigano.com\/wp-content\/uploads\/2023\/04\/cropped-ALEO-by-trigano-quadri-CMJN-Carre-32x32.png 32w, https:\/\/aleobytrigano.com\/wp-content\/uploads\/2023\/04\/cropped-ALEO-by-trigano-quadri-CMJN-Carre.png 512w\" sizes=\"(max-width: 300px) 100vw, 300px\" \/>\t\t\t\t\t\t\t\t<\/a>\n\t\t\t\t\t\t\t\t\t\t\t\t\t\t\t<\/div>\n\t\t\t\t<\/div>\n\t\t\t\t<div class=\"elementor-element elementor-element-1ab00db elementor-invisible elementor-widget elementor-widget-heading\" data-id=\"1ab00db\" data-element_type=\"widget\" data-e-type=\"widget\" data-settings=\"{&quot;_animation&quot;:&quot;slideInLeft&quot;}\" data-widget_type=\"heading.default\">\n\t\t\t\t<div class=\"elementor-widget-container\">\n\t\t\t\t\t<h1 class=\"elementor-heading-title elementor-size-default\">Mentions l\u00e9gales<\/h1>\t\t\t\t<\/div>\n\t\t\t\t<\/div>\n\t\t\t\t\t<\/div>\n\t\t<\/div>\n\t\t\t\t\t<\/div>\n\t\t<\/section>\n\t\t\t\t<section class=\"elementor-section elementor-top-section elementor-element elementor-element-59e199b elementor-section-boxed elementor-section-height-default elementor-section-height-default\" data-id=\"59e199b\" data-element_type=\"section\" data-e-type=\"section\">\n\t\t\t\t\t\t<div class=\"elementor-container elementor-column-gap-default\">\n\t\t\t\t\t<div class=\"elementor-column elementor-col-100 elementor-top-column elementor-element elementor-element-3274cc9\" data-id=\"3274cc9\" data-element_type=\"column\" data-e-type=\"column\">\n\t\t\t<div class=\"elementor-widget-wrap elementor-element-populated\">\n\t\t\t\t\t\t<div class=\"elementor-element elementor-element-665f24a elementor-widget elementor-widget-text-editor\" data-id=\"665f24a\" data-element_type=\"widget\" data-e-type=\"widget\" data-widget_type=\"text-editor.default\">\n\t\t\t\t<div class=\"elementor-widget-container\">\n\t\t\t\t\t\t\t\t\t<p><strong>Soci\u00e9t\u00e9 \u00e9ditrice du site<\/strong><\/p>\n<p>Trigano Jardin SAS<\/p>\n<p>Soci\u00e9t\u00e9 au capital social de : 7&nbsp;667&nbsp;295,70 \u20ac<\/p>\n<p>RCS&nbsp;: Paris B 303&nbsp;773&nbsp;923<\/p>\n<p><\/p>\n<p>Trigano Jardin<\/p>\n<p>1 Le Boulay<\/p>\n<p>41170 Cormenon<\/p>\n<p><\/p>\n<p>02 54 73 55 30<\/p>\n<p><\/p>\n<p><strong>R\u00e9alisation du site&nbsp;<\/strong><\/p>\n<p>Trigano Jardin<\/p>\n<p>1 Le Boulay<\/p>\n<p>41170 Cormenon<\/p>\n<p><\/p>\n<p>02 54 73 55 30<\/p>\n<p><\/p>\n<p><strong>Directeur de publication<\/strong><\/p>\n<p>Michel Esnault<\/p>\n<p><\/p>\n<p><strong>H\u00e9bergeur <\/strong><\/p>\n<p>Hostinger dont le sie\u0300ge social est situe\u0301 HOSTINGER INTERNATIONAL LTD, 61 Lordou Vironos Street, 6023 Larnaca, Chypre, joignable par le moyen suivant : <a href=\"https:\/\/www.hostinger.fr\/contact\">https:\/\/www.hostinger.fr\/contac<\/a><\/p>\n<p><\/p>\n<p><strong>&nbsp;<\/strong><\/p>\n<p><strong>Cr\u00e9dits photos <\/strong><\/p>\n<p>Trigano Jardin<\/p>\n<p><\/p>\n<p><strong>Droits d\u2019auteur<\/strong><\/p>\n<p>Tous les \u00e9l\u00e9ments contenus sur le site (logiciels, textes, images anim\u00e9es ou non, sons, savoir-faire, et plus g\u00e9n\u00e9ralement tout type de donn\u00e9es) sont prot\u00e9g\u00e9s par le Code de Propri\u00e9t\u00e9 Intellectuelle et sont la propri\u00e9t\u00e9 de Trigano Jardin et sont soumises aux lois prot\u00e9geant le droit d&rsquo;auteur d\u00e8s lors qu&rsquo;elles sont mises \u00e0 la disposition du public sur le site.<\/p>\n<p>Aucune licence, ni aucun droit autre que celui de consulter le site, n&rsquo;est conf\u00e9r\u00e9 \u00e0 quiconque au regard des droits de propri\u00e9t\u00e9 intellectuelle.<\/p>\n<p>Les reproductions, sur support papier ou informatique, du site et des \u0153uvres et mod\u00e8les qui y sont reproduits, sont autoris\u00e9es sous r\u00e9serve, qu\u2019elles soient strictement destin\u00e9es \u00e0 un usage personnel, excluant tout usage \u00e0 des fins publicitaires et\/ou commerciales et\/ou d\u2019information, et\/ou qu\u2019elles soient conformes aux dispositions de l\u2019article L122-5 du code de la propri\u00e9t\u00e9 intellectuelle. Toute reproduction et toute utilisation de copie r\u00e9alis\u00e9e \u00e0 d&rsquo;autres fins, sans autorisation expresse et pr\u00e9alable de Trigano Jardin, est express\u00e9ment interdite.<\/p>\n<p><\/p>\n<p><strong>Signes distinctifs<\/strong><\/p>\n<p>Les noms, les d\u00e9nominations sociales, les logos, les sigles, les produits et les marques cit\u00e9s sur le site sont la propri\u00e9t\u00e9 de Trigano Jardin, et\/ou sont utilis\u00e9s par Trigano Jardin avec l\u2019autorisation de leur titulaire. En cons\u00e9quence, toute reproduction, copie, adaptation, publication, distribution, diffusion et ou utilisation, sur quelque support que ce soit, desdits \u00e9l\u00e9ments ou marques prot\u00e9g\u00e9s, qui n\u2018aurait pas \u00e9t\u00e9 au pr\u00e9alable autoris\u00e9e par Trigano Jardin, est strictement interdite.<\/p>\n<p>Toute cr\u00e9ation de lien vers le pr\u00e9sent serveur web est soumise \u00e0 l&rsquo;autorisation pr\u00e9alable et expresse de Trigano Jardin. Cette autorisation pourra \u00e0 tout moment \u00eatre retir\u00e9e par Trigano Jardin, sans que cette derni\u00e8re ait \u00e0 justifier sa d\u00e9cision de retrait.<\/p>\n<p><strong>&nbsp;<\/strong><\/p>\n<p><strong>Responsabilit\u00e9 <\/strong><\/p>\n<p>Le site Trigano Jardin est \u00e9dit\u00e9 par la soci\u00e9t\u00e9 Trigano Jardin. Il s\u2019agit d\u2019un site vitrine qui ne peut aucunement \u00eatre assimil\u00e9 \u00e0 un site de vente en ligne int\u00e9grant un dispositif de passation de commande en ligne. Le pr\u00e9sent site a pour seul et unique objet de pr\u00e9senter le ou les produits de la marque Al\u00e9o by Trigano. L\u2019achat de ces produits s\u2019effectue par la suite chez un distributeur agr\u00e9\u00e9 de la marque, tiers \u00e0 la soci\u00e9t\u00e9 Trigano Jardin.<\/p>\n<p>Les informations figurant sur le site sont donn\u00e9es \u00e0 titre indicatif. Elles sont cens\u00e9es \u00eatre correctes au moment o\u00f9 vous en prenez connaissance. Trigano Jardin ne peut garantir l\u2019exactitude, la pr\u00e9cision ou l\u2019exhaustivit\u00e9 des informations mises \u00e0 la disposition sur ce site. Trigano Jardin s\u2019efforce d\u2019assurer la mise \u00e0 jour du site et se r\u00e9serve le droit de corriger son contenu, \u00e0 tout moment et sans pr\u00e9avis.<\/p>\n<p>Vous assumez pleinement les risques li\u00e9s au cr\u00e9dit que vous accordez aux informations. En aucun cas, Trigano Jardin ne sera responsable des dommages susceptibles de r\u00e9sulter du cr\u00e9dit accord\u00e9 \u00e0 ces informations, de leur utilisation ou de l&rsquo;utilisation d&rsquo;un produit auquel elles font r\u00e9f\u00e9rence.<\/p>\n<p>Trigano Jardin d\u00e9cline toute responsabilit\u00e9 en cas d\u2019interruption du site (incident technique serveur), d\u2019attaques ext\u00e9rieures (bogue, modification des contenus suite \u00e0 une cyber-attaque, etc.), d\u2019inexactitude des informations mises en lignes et de tous pr\u00e9judices caus\u00e9s par un tiers ou par un cas de force majeure.&nbsp;&nbsp;&nbsp;&nbsp;&nbsp;<\/p>\n<p>Les liens hypertextes mis en place sur le site peuvent conduire l\u2019utilisateur sur divers sites. Il est pr\u00e9cis\u00e9 que la soci\u00e9t\u00e9 Trigano Jardin n\u2019a pas v\u00e9rifi\u00e9 tous les sites \u00e9ventuellement reli\u00e9s au sien, leur contenu et les informations qui y sont pr\u00e9sentes, et invitent l\u2019utilisateur, sous sa responsabilit\u00e9, \u00e0 valider la conformit\u00e9, l\u2019exactitude, la compl\u00e9tude et\/ou la lic\u00e9it\u00e9 des informations et\/ou contenus auxquels ils ont acc\u00e8s sur ces sites. La soci\u00e9t\u00e9 Trigano Jardin d\u00e9cline par cons\u00e9quent toute responsabilit\u00e9 sur les contenus et services offerts sur les sites auxquels le visiteur \u00e0 acc\u00e8s \u00e0 partir d\u2019hyperliens de son site Al\u00e9o by Trigano et sur l\u2019utilisation qui en est fait par l\u2019utilisateur. Le recours \u00e0 ces sites par l\u2019utilisateur rel\u00e8ve de sa seule responsabilit\u00e9.<\/p>\n<p><strong>&nbsp;<\/strong><\/p>\n<p><a href=\"https:\/\/aleobytrigano.com\/index.php\/confidentialite\/\"><b>Politique de confidentialit\u00e9<\/b><\/a><\/p>\n<p><\/p>\t\t\t\t\t\t\t\t<\/div>\n\t\t\t\t<\/div>\n\t\t\t\t\t<\/div>\n\t\t<\/div>\n\t\t\t\t\t<\/div>\n\t\t<\/section>\n\t\t\t\t<section class=\"elementor-section elementor-top-section elementor-element elementor-element-b5f5d9a elementor-section-full_width elementor-section-height-default elementor-section-height-default\" data-id=\"b5f5d9a\" data-element_type=\"section\" data-e-type=\"section\" data-settings=\"{&quot;background_background&quot;:&quot;classic&quot;}\">\n\t\t\t\t\t\t<div class=\"elementor-container elementor-column-gap-default\">\n\t\t\t\t\t<div class=\"elementor-column elementor-col-100 elementor-top-column elementor-element elementor-element-c7d2dc1\" data-id=\"c7d2dc1\" data-element_type=\"column\" data-e-type=\"column\" data-settings=\"{&quot;background_background&quot;:&quot;classic&quot;}\">\n\t\t\t<div class=\"elementor-widget-wrap elementor-element-populated\">\n\t\t\t\t\t\t<div class=\"elementor-element elementor-element-f37b070 elementor-widget elementor-widget-heading\" data-id=\"f37b070\" data-element_type=\"widget\" data-e-type=\"widget\" data-widget_type=\"heading.default\">\n\t\t\t\t<div class=\"elementor-widget-container\">\n\t\t\t\t\t<h3 class=\"elementor-heading-title elementor-size-default\">Nos r\u00e9seaux<\/h3>\t\t\t\t<\/div>\n\t\t\t\t<\/div>\n\t\t\t\t<div class=\"elementor-element elementor-element-c1bfa7e elementor-shape-circle elementor-grid-mobile-0 e-grid-align-mobile-center elementor-grid-0 e-grid-align-center elementor-widget elementor-widget-social-icons\" data-id=\"c1bfa7e\" data-element_type=\"widget\" data-e-type=\"widget\" data-widget_type=\"social-icons.default\">\n\t\t\t\t<div class=\"elementor-widget-container\">\n\t\t\t\t\t\t\t<div class=\"elementor-social-icons-wrapper elementor-grid\" role=\"list\">\n\t\t\t\t\t\t\t<span class=\"elementor-grid-item\" role=\"listitem\">\n\t\t\t\t\t<a class=\"elementor-icon elementor-social-icon elementor-social-icon-facebook elementor-repeater-item-7088037\" href=\"https:\/\/fr-fr.facebook.com\/TriganoStore\/\" target=\"_blank\">\n\t\t\t\t\t\t<span class=\"elementor-screen-only\">Facebook<\/span>\n\t\t\t\t\t\t<i aria-hidden=\"true\" class=\"fab fa-facebook\"><\/i>\t\t\t\t\t<\/a>\n\t\t\t\t<\/span>\n\t\t\t\t\t\t\t<span class=\"elementor-grid-item\" role=\"listitem\">\n\t\t\t\t\t<a class=\"elementor-icon elementor-social-icon elementor-social-icon-youtube elementor-repeater-item-6c83e82\" href=\"https:\/\/www.youtube.com\/@triganostore\" target=\"_blank\">\n\t\t\t\t\t\t<span class=\"elementor-screen-only\">Youtube<\/span>\n\t\t\t\t\t\t<i aria-hidden=\"true\" class=\"fab fa-youtube\"><\/i>\t\t\t\t\t<\/a>\n\t\t\t\t<\/span>\n\t\t\t\t\t\t\t<span class=\"elementor-grid-item\" role=\"listitem\">\n\t\t\t\t\t<a class=\"elementor-icon elementor-social-icon elementor-social-icon-linkedin elementor-repeater-item-664d80a\" href=\"https:\/\/fr.linkedin.com\/company\/trigano-jardin\" target=\"_blank\">\n\t\t\t\t\t\t<span class=\"elementor-screen-only\">Linkedin<\/span>\n\t\t\t\t\t\t<i aria-hidden=\"true\" class=\"fab fa-linkedin\"><\/i>\t\t\t\t\t<\/a>\n\t\t\t\t<\/span>\n\t\t\t\t\t<\/div>\n\t\t\t\t\t\t<\/div>\n\t\t\t\t<\/div>\n\t\t\t\t<div class=\"elementor-element elementor-element-46d3fee elementor-widget-divider--view-line elementor-widget elementor-widget-divider\" data-id=\"46d3fee\" data-element_type=\"widget\" data-e-type=\"widget\" data-widget_type=\"divider.default\">\n\t\t\t\t<div class=\"elementor-widget-container\">\n\t\t\t\t\t\t\t<div class=\"elementor-divider\">\n\t\t\t<span class=\"elementor-divider-separator\">\n\t\t\t\t\t\t<\/span>\n\t\t<\/div>\n\t\t\t\t\t\t<\/div>\n\t\t\t\t<\/div>\n\t\t\t\t<div class=\"elementor-element elementor-element-6b162dd elementor-widget elementor-widget-text-editor\" data-id=\"6b162dd\" data-element_type=\"widget\" data-e-type=\"widget\" data-widget_type=\"text-editor.default\">\n\t\t\t\t<div class=\"elementor-widget-container\">\n\t\t\t\t\t\t\t\t\t<p><a href=\"https:\/\/aleobytrigano.com\/\">Accueil<\/a><\/p><p><a href=\"https:\/\/aleobytrigano.com\/index.php\/confidentialite\/\">Politique de confidentialit\u00e9<\/a><\/p>\t\t\t\t\t\t\t\t<\/div>\n\t\t\t\t<\/div>\n\t\t\t\t<div class=\"elementor-element elementor-element-1c66c26 elementor-widget-divider--view-line elementor-widget elementor-widget-divider\" data-id=\"1c66c26\" data-element_type=\"widget\" data-e-type=\"widget\" data-widget_type=\"divider.default\">\n\t\t\t\t<div class=\"elementor-widget-container\">\n\t\t\t\t\t\t\t<div class=\"elementor-divider\">\n\t\t\t<span class=\"elementor-divider-separator\">\n\t\t\t\t\t\t<\/span>\n\t\t<\/div>\n\t\t\t\t\t\t<\/div>\n\t\t\t\t<\/div>\n\t\t\t\t<div class=\"elementor-element elementor-element-a0643da elementor-widget elementor-widget-heading\" data-id=\"a0643da\" data-element_type=\"widget\" data-e-type=\"widget\" data-widget_type=\"heading.default\">\n\t\t\t\t<div class=\"elementor-widget-container\">\n\t\t\t\t\t<h3 class=\"elementor-heading-title elementor-size-default\">Al\u00e9o - une marque Trigano<\/h3>\t\t\t\t<\/div>\n\t\t\t\t<\/div>\n\t\t\t\t\t<\/div>\n\t\t<\/div>\n\t\t\t\t\t<\/div>\n\t\t<\/section>\n\t\t\t\t<\/div>\n\t\t","protected":false},"excerpt":{"rendered":"<p>Mentions l\u00e9gales Soci\u00e9t\u00e9 \u00e9ditrice du site Trigano Jardin SAS Soci\u00e9t\u00e9 au capital social de : 7&nbsp;667&nbsp;295,70 \u20ac RCS&nbsp;: Paris B 303&nbsp;773&nbsp;923 Trigano Jardin 1 Le Boulay 41170 Cormenon 02 54 73 55 30 R\u00e9alisation du site&nbsp; Trigano Jardin 1 Le Boulay 41170 Cormenon 02 54 73 55 30 Directeur de publication Michel Esnault H\u00e9bergeur Hostinger [&hellip;]<\/p>\n","protected":false},"author":1,"featured_media":0,"parent":0,"menu_order":0,"comment_status":"closed","ping_status":"closed","template":"","meta":{"footnotes":""},"class_list":["post-582","page","type-page","status-publish","hentry"],"amp_enabled":true,"_links":{"self":[{"href":"https:\/\/aleobytrigano.com\/index.php\/wp-json\/wp\/v2\/pages\/582","targetHints":{"allow":["GET"]}}],"collection":[{"href":"https:\/\/aleobytrigano.com\/index.php\/wp-json\/wp\/v2\/pages"}],"about":[{"href":"https:\/\/aleobytrigano.com\/index.php\/wp-json\/wp\/v2\/types\/page"}],"author":[{"embeddable":true,"href":"https:\/\/aleobytrigano.com\/index.php\/wp-json\/wp\/v2\/users\/1"}],"replies":[{"embeddable":true,"href":"https:\/\/aleobytrigano.com\/index.php\/wp-json\/wp\/v2\/comments?post=582"}],"version-history":[{"count":6,"href":"https:\/\/aleobytrigano.com\/index.php\/wp-json\/wp\/v2\/pages\/582\/revisions"}],"predecessor-version":[{"id":2323,"href":"https:\/\/aleobytrigano.com\/index.php\/wp-json\/wp\/v2\/pages\/582\/revisions\/2323"}],"wp:attachment":[{"href":"https:\/\/aleobytrigano.com\/index.php\/wp-json\/wp\/v2\/media?parent=582"}],"curies":[{"name":"wp","href":"https:\/\/api.w.org\/{rel}","templated":true}]}}