{"id":1849,"date":"2023-06-30T09:16:09","date_gmt":"2023-06-30T08:16:09","guid":{"rendered":"https:\/\/aleobytrigano.com\/?page_id=1849"},"modified":"2023-07-03T14:28:34","modified_gmt":"2023-07-03T13:28:34","slug":"politique-de-protection-des-donnees-a-caractere-personnel-des-candidats","status":"publish","type":"page","link":"https:\/\/aleobytrigano.com\/index.php\/politique-de-protection-des-donnees-a-caractere-personnel-des-candidats\/","title":{"rendered":"Politique de protection des donn\u00e9es \u00e0 caract\u00e8re personnel des candidats"},"content":{"rendered":"\t\t<div data-elementor-type=\"wp-page\" data-elementor-id=\"1849\" class=\"elementor elementor-1849\" data-elementor-post-type=\"page\">\n\t\t\t\t\t\t<section class=\"elementor-section elementor-top-section elementor-element elementor-element-07b72a2 elementor-section-boxed elementor-section-height-default elementor-section-height-default\" data-id=\"07b72a2\" data-element_type=\"section\" data-e-type=\"section\" data-settings=\"{&quot;background_background&quot;:&quot;classic&quot;}\">\n\t\t\t\t\t\t<div class=\"elementor-container elementor-column-gap-default\">\n\t\t\t\t\t<div class=\"elementor-column elementor-col-100 elementor-top-column elementor-element elementor-element-e04a5ec\" data-id=\"e04a5ec\" data-element_type=\"column\" data-e-type=\"column\">\n\t\t\t<div class=\"elementor-widget-wrap elementor-element-populated\">\n\t\t\t\t\t\t<div class=\"elementor-element elementor-element-b3d338d elementor-widget elementor-widget-image\" data-id=\"b3d338d\" data-element_type=\"widget\" data-e-type=\"widget\" data-widget_type=\"image.default\">\n\t\t\t\t<div class=\"elementor-widget-container\">\n\t\t\t\t\t\t\t\t\t\t\t\t\t\t\t\t<a href=\"https:\/\/aleobytrigano.com\/\">\n\t\t\t\t\t\t\t<img fetchpriority=\"high\" decoding=\"async\" width=\"300\" height=\"300\" src=\"https:\/\/aleobytrigano.com\/wp-content\/uploads\/2023\/04\/cropped-ALEO-by-trigano-quadri-CMJN-Carre-300x300.png\" class=\"attachment-medium size-medium wp-image-839\" alt=\"Logo Al\u00e9o by Trigano\" srcset=\"https:\/\/aleobytrigano.com\/wp-content\/uploads\/2023\/04\/cropped-ALEO-by-trigano-quadri-CMJN-Carre-300x300.png 300w, https:\/\/aleobytrigano.com\/wp-content\/uploads\/2023\/04\/cropped-ALEO-by-trigano-quadri-CMJN-Carre-150x150.png 150w, https:\/\/aleobytrigano.com\/wp-content\/uploads\/2023\/04\/cropped-ALEO-by-trigano-quadri-CMJN-Carre-270x270.png 270w, https:\/\/aleobytrigano.com\/wp-content\/uploads\/2023\/04\/cropped-ALEO-by-trigano-quadri-CMJN-Carre-192x192.png 192w, https:\/\/aleobytrigano.com\/wp-content\/uploads\/2023\/04\/cropped-ALEO-by-trigano-quadri-CMJN-Carre-180x180.png 180w, https:\/\/aleobytrigano.com\/wp-content\/uploads\/2023\/04\/cropped-ALEO-by-trigano-quadri-CMJN-Carre-32x32.png 32w, https:\/\/aleobytrigano.com\/wp-content\/uploads\/2023\/04\/cropped-ALEO-by-trigano-quadri-CMJN-Carre.png 512w\" sizes=\"(max-width: 300px) 100vw, 300px\" \/>\t\t\t\t\t\t\t\t<\/a>\n\t\t\t\t\t\t\t\t\t\t\t\t\t\t\t<\/div>\n\t\t\t\t<\/div>\n\t\t\t\t<div class=\"elementor-element elementor-element-62dea70 elementor-widget elementor-widget-heading\" data-id=\"62dea70\" data-element_type=\"widget\" data-e-type=\"widget\" data-widget_type=\"heading.default\">\n\t\t\t\t<div class=\"elementor-widget-container\">\n\t\t\t\t\t<h1 class=\"elementor-heading-title elementor-size-default\">Politique de protection des donnees a caractere personnel des candidats<\/h1>\t\t\t\t<\/div>\n\t\t\t\t<\/div>\n\t\t\t\t\t<\/div>\n\t\t<\/div>\n\t\t\t\t\t<\/div>\n\t\t<\/section>\n\t\t\t\t<section class=\"elementor-section elementor-top-section elementor-element elementor-element-da713ad elementor-section-boxed elementor-section-height-default elementor-section-height-default\" data-id=\"da713ad\" data-element_type=\"section\" data-e-type=\"section\">\n\t\t\t\t\t\t<div class=\"elementor-container elementor-column-gap-default\">\n\t\t\t\t\t<div class=\"elementor-column elementor-col-100 elementor-top-column elementor-element elementor-element-82310fb\" data-id=\"82310fb\" data-element_type=\"column\" data-e-type=\"column\">\n\t\t\t<div class=\"elementor-widget-wrap elementor-element-populated\">\n\t\t\t\t\t\t<div class=\"elementor-element elementor-element-0f4648a elementor-widget elementor-widget-text-editor\" data-id=\"0f4648a\" data-element_type=\"widget\" data-e-type=\"widget\" data-widget_type=\"text-editor.default\">\n\t\t\t\t<div class=\"elementor-widget-container\">\n\t\t\t\t\t\t\t\t\t<p>Trigano Jardin prend au s\u00e9rieux le respect de la vie priv\u00e9e et la protection des donn\u00e9es \u00e0 caract\u00e8re personnel.<\/p><p>Nous nous engageons par cons\u00e9quent \u00e0 mettre en \u0153uvre des mesures ad\u00e9quates pour assurer la protection, la confidentialit\u00e9 et la s\u00e9curit\u00e9 de vos donn\u00e9es \u00e0 caract\u00e8re personnel et \u00e0 traiter et utiliser de telles donn\u00e9es dans le respect de la r\u00e8glementation applicable et notamment le R\u00e8glement Europ\u00e9en 2016\/679 du 27 avril 2016 (RGDP) et la loi n\u00b078-17 du 6 janvier 1978 dite loi informatique et libert\u00e9s.<\/p><ol><li><strong>Champ d\u2019application de la pr\u00e9sente politique<\/strong><\/li><\/ol><p>La pr\u00e9sente politique s\u2019applique \u00e0 tous les traitements de donn\u00e9es \u00e0 caract\u00e8re personnel, mis en \u0153uvre par Trigano Jardin en qualit\u00e9 de Responsable du Traitement au sens de la r\u00e8glementation applicable, relatifs aux candidats postulant spontan\u00e9ment ou r\u00e9pondant \u00e0 des offres d\u2019emploi existantes.<\/p><ol start=\"2\"><li><strong>Les donn\u00e9es collect\u00e9es, \u00e0 quelles fins et sur quelle base l\u00e9gale<\/strong><\/li><\/ol><ul><li><u>Donn\u00e9es collect\u00e9es<\/u>:<\/li><\/ul><ul><li>Les donn\u00e9es d\u2019identification et de contact (nom, pr\u00e9nom, adresse email, adresse, num\u00e9ro de t\u00e9l\u00e9phone),<\/li><li>CV, parcours scolaire et professionnel,<\/li><li>Lettre de motivation,<\/li><li>Centres d\u2019int\u00e9r\u00eats,<\/li><li>Toute information que nous collectons lors des entretiens li\u00e9s au processus de recrutement,<\/li><li>Toute information que vous nous fournissez volontairement dans le cadre du processus de recrutement.<\/li><\/ul><p>Ces donn\u00e9es sont soit directement collect\u00e9es aupr\u00e8s de vous, soit nous sont fournies par des tiers, en ce compris les prestataires de recrutement ou par les r\u00e9f\u00e9rences que vous nous avez communiqu\u00e9es lors du processus de recrutement.<\/p><ul><li><u>Les finalit\u00e9s de la collecte<\/u>:<\/li><\/ul><p>Les informations collect\u00e9es sont trait\u00e9es afin\u00a0:<\/p><ul><li>D\u2019\u00e9tudier votre candidature, afin de nous permettre de d\u00e9cider si elle correspond au poste auquel vous avez postul\u00e9 ou tout autre poste chez Trigano Jardin,<\/li><li>Plus g\u00e9n\u00e9ralement \u00e0 g\u00e9rer le processus de recrutement, et vous contacter pour convenir d\u2019entretiens,<\/li><li>Sous r\u00e9serve de l\u2019absence d\u2019opposition de votre part, vous contacter dans le futur si des opportunit\u00e9s pouvant vous correspondre se pr\u00e9sentaient chez Trigano Jardin.<\/li><\/ul><ul><li><u>La base l\u00e9gale<\/u>:<\/li><\/ul><p>Ce traitement est, pour partie n\u00e9cessaire \u00e0 l\u2019ex\u00e9cution des d\u00e9marches pr\u00e9contractuelles, \u00e0 savoir analyser votre candidature et d\u00e9terminer si nous souhaitons conclure un contrat de travail avec vous\u00a0; et pour partie fond\u00e9 sur l\u2019int\u00e9r\u00eat l\u00e9gitime de notre soci\u00e9t\u00e9, lorsque nous conservons votre dossier pour vous recontacter dans l\u2019\u00e9ventualit\u00e9 d\u2019une opportunit\u00e9 vous correspondant. Ce traitement participe ainsi \u00e0 l\u2019optimisation de processus de recrutement de Trigano Jardin et b\u00e9n\u00e9ficie ainsi tant aux candidats qu\u2019\u00e0 Trigano Jardin.<\/p><ol start=\"3\"><li><strong>Dur\u00e9e de conservation de vos donn\u00e9es<\/strong><\/li><\/ol><p>Nous conservons vos donn\u00e9es aussi longtemps que n\u00e9cessaire pour la r\u00e9alisation des finalit\u00e9s pour lesquelles nous les avons collect\u00e9es et trait\u00e9es (voir point 2).<\/p><p>Si votre candidature est retenue et que vous int\u00e9grez Trigano Jardin, vos donn\u00e9es seront conserv\u00e9es pendant toute la dur\u00e9e de votre pr\u00e9sence au sein de Trigano Jardin (dur\u00e9e du contrat de travail) et pendant la dur\u00e9e de prescription applicable, suite \u00e0 quoi elles seront supprim\u00e9es (5 ans apr\u00e8s votre d\u00e9part).<\/p><p>Si votre candidature n\u2019est pas retenue, vos donn\u00e9es seront conserv\u00e9es pendant une dur\u00e9e de 6 mois \u00e0 l\u2019issue de laquelle elles seront supprim\u00e9es.<\/p><ol start=\"4\"><li><strong>Acc\u00e8s et communication de vos donn\u00e9es<\/strong><\/li><\/ol><p>Vos donn\u00e9es ne sont accessibles en interne qu\u2019aux services qui ont besoin d\u2019acc\u00e9der aux donn\u00e9es pour les finalit\u00e9s mentionn\u00e9es au point 2\u00a0: le service des ressources humaines et le d\u00e9partement interne auquel le poste pour lequel vous avez candidat\u00e9 est li\u00e9.<\/p><p>Vos donn\u00e9es \u00e0 caract\u00e8re personnel peuvent \u00e9galement \u00eatre partag\u00e9es avec\u00a0:<\/p><ul><li>Les autorit\u00e9s publiques lorsque la loi l\u2019exige,<\/li><li>Des autorit\u00e9s fran\u00e7aises ou \u00e9trang\u00e8res, en r\u00e9ponse \u00e0 une proc\u00e9dure judiciaire ou administrative de toute nature ou \u00e0 des mesures d\u2019application de la loi r\u00e9clam\u00e9es par les autorit\u00e9s comp\u00e9tentes.<\/li><\/ul><p>Nous pouvons enfin \u00eatre amen\u00e9s \u00e0 collaborer avec des prestataires de services agissant en tant que sous-traitant pour ex\u00e9cuter des prestations en lien avec les traitements de donn\u00e9es que nous mettons en \u0153uvre. Ces prestataires interviennent notamment pour des services d\u2019h\u00e9bergement, de traitement de donn\u00e9es, de gestion\u00a0 de bases de donn\u00e9es ou maintenance informatique. Ces prestataires n\u2019agissent que sur instructions de Trigano Jardin et seront tenus aux m\u00eames obligations de s\u00e9curit\u00e9 et confidentialit\u00e9 de Trigano Jardin.<\/p><ol start=\"5\"><li><strong>Protection et s\u00e9curit\u00e9 de vos donn\u00e9es \u00e0 caract\u00e8re personnel<\/strong><\/li><\/ol><p>Trigano Jardin s\u2019engage \u00e0 prendre toutes les mesures raisonnables et appropri\u00e9es sur le plan organisationnel et technique pour emp\u00eacher toute divulgation, utilisation, alt\u00e9ration, perte ou destruction des donn\u00e9es \u00e0 caract\u00e8re personnel qu\u2019un candidat lui a fourni.<\/p><p>\u00a0<\/p><ol start=\"6\"><li><strong>Vos droits<\/strong><\/li><\/ol><p>Conform\u00e9ment \u00e0 la r\u00e8glementation applicable vous disposez des droits suivants sur vos donn\u00e9es \u00e0 caract\u00e8re personnel\u00a0:<\/p><ul><li>Droit \u00e0 l\u2019information,<\/li><li>Droit d\u2019acc\u00e8s aux donn\u00e9es personnelles que nous traitons,<\/li><li>Droit de rectification,<\/li><li>Droit \u00e0 l\u2019effacement,<\/li><li>Droit \u00e0 la limitation du traitement,<\/li><li>Droit d\u2019opposition au traitement de vos donn\u00e9es lorsque le traitement est bas\u00e9 sur un int\u00e9r\u00eat l\u00e9gitime de Trigano Jardin (cf. point 2),<\/li><li>Droit \u00e0 la portabilit\u00e9 des donn\u00e9es,<\/li><li>Droit de nous faire parvenir des directives particuli\u00e8res concernant le sort de vos donn\u00e9es \u00e0 caract\u00e8re personnel apr\u00e8s votre d\u00e9c\u00e8s,<\/li><li>Droit d\u2019introduire une r\u00e9clamation aupr\u00e8s de la CNIL.<\/li><\/ul><ol start=\"7\"><li><strong>Nous contacter\u00a0:<\/strong><\/li><\/ol><p>Si vous avez des questions sur le pr\u00e9sente politique ou si vous souhaitez exercer l\u2019un quelconque de ces droits, vous pouvez nous contacter par email\u00a0: RGPD.jardin@trigano.fr ou nous \u00e9crire \u00e0 l\u2019adresse suivante\u00a0: Trigano Jardin \u2013 Xavier Claise &#8211; DPO \u20131 Le Boulay, 41170 Cormenon<\/p>\t\t\t\t\t\t\t\t<\/div>\n\t\t\t\t<\/div>\n\t\t\t\t\t<\/div>\n\t\t<\/div>\n\t\t\t\t\t<\/div>\n\t\t<\/section>\n\t\t\t\t<section class=\"elementor-section elementor-top-section elementor-element elementor-element-685699a elementor-section-full_width elementor-section-height-default elementor-section-height-default\" data-id=\"685699a\" data-element_type=\"section\" data-e-type=\"section\" data-settings=\"{&quot;background_background&quot;:&quot;classic&quot;}\">\n\t\t\t\t\t\t<div class=\"elementor-container elementor-column-gap-default\">\n\t\t\t\t\t<div class=\"elementor-column elementor-col-100 elementor-top-column elementor-element elementor-element-b520f4e\" data-id=\"b520f4e\" data-element_type=\"column\" data-e-type=\"column\" data-settings=\"{&quot;background_background&quot;:&quot;classic&quot;}\">\n\t\t\t<div class=\"elementor-widget-wrap elementor-element-populated\">\n\t\t\t\t\t\t<div class=\"elementor-element elementor-element-c2f0f03 elementor-widget elementor-widget-heading\" data-id=\"c2f0f03\" data-element_type=\"widget\" data-e-type=\"widget\" data-widget_type=\"heading.default\">\n\t\t\t\t<div class=\"elementor-widget-container\">\n\t\t\t\t\t<h3 class=\"elementor-heading-title elementor-size-default\">Nos r\u00e9seaux<\/h3>\t\t\t\t<\/div>\n\t\t\t\t<\/div>\n\t\t\t\t<div class=\"elementor-element elementor-element-ef9f313 elementor-shape-circle elementor-grid-mobile-0 e-grid-align-mobile-center elementor-grid-0 e-grid-align-center elementor-widget elementor-widget-social-icons\" data-id=\"ef9f313\" data-element_type=\"widget\" data-e-type=\"widget\" data-widget_type=\"social-icons.default\">\n\t\t\t\t<div class=\"elementor-widget-container\">\n\t\t\t\t\t\t\t<div class=\"elementor-social-icons-wrapper elementor-grid\" role=\"list\">\n\t\t\t\t\t\t\t<span class=\"elementor-grid-item\" role=\"listitem\">\n\t\t\t\t\t<a class=\"elementor-icon elementor-social-icon elementor-social-icon-facebook elementor-repeater-item-7088037\" href=\"https:\/\/fr-fr.facebook.com\/TriganoStore\/\" target=\"_blank\">\n\t\t\t\t\t\t<span class=\"elementor-screen-only\">Facebook<\/span>\n\t\t\t\t\t\t<i aria-hidden=\"true\" class=\"fab fa-facebook\"><\/i>\t\t\t\t\t<\/a>\n\t\t\t\t<\/span>\n\t\t\t\t\t\t\t<span class=\"elementor-grid-item\" role=\"listitem\">\n\t\t\t\t\t<a class=\"elementor-icon elementor-social-icon elementor-social-icon-youtube elementor-repeater-item-6c83e82\" href=\"https:\/\/www.youtube.com\/@triganostore\" target=\"_blank\">\n\t\t\t\t\t\t<span class=\"elementor-screen-only\">Youtube<\/span>\n\t\t\t\t\t\t<i aria-hidden=\"true\" class=\"fab fa-youtube\"><\/i>\t\t\t\t\t<\/a>\n\t\t\t\t<\/span>\n\t\t\t\t\t\t\t<span class=\"elementor-grid-item\" role=\"listitem\">\n\t\t\t\t\t<a class=\"elementor-icon elementor-social-icon elementor-social-icon-linkedin elementor-repeater-item-664d80a\" href=\"https:\/\/fr.linkedin.com\/company\/trigano-jardin\" target=\"_blank\">\n\t\t\t\t\t\t<span class=\"elementor-screen-only\">Linkedin<\/span>\n\t\t\t\t\t\t<i aria-hidden=\"true\" class=\"fab fa-linkedin\"><\/i>\t\t\t\t\t<\/a>\n\t\t\t\t<\/span>\n\t\t\t\t\t<\/div>\n\t\t\t\t\t\t<\/div>\n\t\t\t\t<\/div>\n\t\t\t\t<div class=\"elementor-element elementor-element-6399ec9 elementor-widget-divider--view-line elementor-widget elementor-widget-divider\" data-id=\"6399ec9\" data-element_type=\"widget\" data-e-type=\"widget\" data-widget_type=\"divider.default\">\n\t\t\t\t<div class=\"elementor-widget-container\">\n\t\t\t\t\t\t\t<div class=\"elementor-divider\">\n\t\t\t<span class=\"elementor-divider-separator\">\n\t\t\t\t\t\t<\/span>\n\t\t<\/div>\n\t\t\t\t\t\t<\/div>\n\t\t\t\t<\/div>\n\t\t\t\t<div class=\"elementor-element elementor-element-d4ecfeb elementor-widget elementor-widget-text-editor\" data-id=\"d4ecfeb\" data-element_type=\"widget\" data-e-type=\"widget\" data-widget_type=\"text-editor.default\">\n\t\t\t\t<div class=\"elementor-widget-container\">\n\t\t\t\t\t\t\t\t\t<p><a href=\"https:\/\/aleobytrigano.com\/\">Accueil<\/a><\/p><p><a href=\"https:\/\/aleobytrigano.com\/index.php\/mentions-legales\/\">Mentions l\u00e9gales<\/a><\/p><p><a href=\"https:\/\/aleobytrigano.com\/index.php\/confidentialite\/\">Politique de confidentialit\u00e9<\/a><\/p>\t\t\t\t\t\t\t\t<\/div>\n\t\t\t\t<\/div>\n\t\t\t\t<div class=\"elementor-element elementor-element-f5eea08 elementor-widget-divider--view-line elementor-widget elementor-widget-divider\" data-id=\"f5eea08\" data-element_type=\"widget\" data-e-type=\"widget\" data-widget_type=\"divider.default\">\n\t\t\t\t<div class=\"elementor-widget-container\">\n\t\t\t\t\t\t\t<div class=\"elementor-divider\">\n\t\t\t<span class=\"elementor-divider-separator\">\n\t\t\t\t\t\t<\/span>\n\t\t<\/div>\n\t\t\t\t\t\t<\/div>\n\t\t\t\t<\/div>\n\t\t\t\t<div class=\"elementor-element elementor-element-6a3eb49 elementor-widget elementor-widget-heading\" data-id=\"6a3eb49\" data-element_type=\"widget\" data-e-type=\"widget\" data-widget_type=\"heading.default\">\n\t\t\t\t<div class=\"elementor-widget-container\">\n\t\t\t\t\t<h3 class=\"elementor-heading-title elementor-size-default\">Al\u00e9o - une marque Trigano<\/h3>\t\t\t\t<\/div>\n\t\t\t\t<\/div>\n\t\t\t\t\t<\/div>\n\t\t<\/div>\n\t\t\t\t\t<\/div>\n\t\t<\/section>\n\t\t\t\t<\/div>\n\t\t","protected":false},"excerpt":{"rendered":"<p>Politique de protection des donnees a caractere personnel des candidats Trigano Jardin prend au s\u00e9rieux le respect de la vie priv\u00e9e et la protection des donn\u00e9es \u00e0 caract\u00e8re personnel. Nous nous engageons par cons\u00e9quent \u00e0 mettre en \u0153uvre des mesures ad\u00e9quates pour assurer la protection, la confidentialit\u00e9 et la s\u00e9curit\u00e9 de vos donn\u00e9es \u00e0 caract\u00e8re [&hellip;]<\/p>\n","protected":false},"author":1,"featured_media":0,"parent":0,"menu_order":0,"comment_status":"closed","ping_status":"closed","template":"","meta":{"footnotes":""},"class_list":["post-1849","page","type-page","status-publish","hentry"],"amp_enabled":true,"_links":{"self":[{"href":"https:\/\/aleobytrigano.com\/index.php\/wp-json\/wp\/v2\/pages\/1849","targetHints":{"allow":["GET"]}}],"collection":[{"href":"https:\/\/aleobytrigano.com\/index.php\/wp-json\/wp\/v2\/pages"}],"about":[{"href":"https:\/\/aleobytrigano.com\/index.php\/wp-json\/wp\/v2\/types\/page"}],"author":[{"embeddable":true,"href":"https:\/\/aleobytrigano.com\/index.php\/wp-json\/wp\/v2\/users\/1"}],"replies":[{"embeddable":true,"href":"https:\/\/aleobytrigano.com\/index.php\/wp-json\/wp\/v2\/comments?post=1849"}],"version-history":[{"count":0,"href":"https:\/\/aleobytrigano.com\/index.php\/wp-json\/wp\/v2\/pages\/1849\/revisions"}],"wp:attachment":[{"href":"https:\/\/aleobytrigano.com\/index.php\/wp-json\/wp\/v2\/media?parent=1849"}],"curies":[{"name":"wp","href":"https:\/\/api.w.org\/{rel}","templated":true}]}}